{"id":2738,"date":"2024-04-23T16:58:15","date_gmt":"2024-04-23T16:58:15","guid":{"rendered":"https:\/\/libiweb.com\/?page_id=2738"},"modified":"2025-07-16T18:11:23","modified_gmt":"2025-07-16T16:11:23","slug":"sitemap","status":"publish","type":"page","link":"https:\/\/libiweb.com\/cs\/sitemap\/","title":{"rendered":"Mapa webu"},"content":{"rendered":"<div class=\"wp-block-stackable-divider stk-block-divider has-text-align-left stk-block stk-ec7500c\" data-block-id=\"ec7500c\"><style>.stk-ec7500c hr.stk-block-divider__hr{height:1px !important;width:90% !important;}.stk-ec7500c {min-height:100px !important;align-items:center !important;display:flex !important;}<\/style><hr class=\"stk-block-divider__hr\"\/><\/div>\n\n\n<div class=\"aioseo-html-sitemap\"><style>.aioseo-html-sitemap.labels-hidden ul { margin: 0; }<\/style><div class=\"aioseo-html-post-sitemap\"><h4>P\u0159\u00edsp\u011bvky<\/h4><ul><li><a href=\"https:\/\/libiweb.com\/cs\/salon-ai-automation-10-ideas-to-save-time-boost-revenue\/\" >Salon AI Automation: 10 Ideas to Save Time &amp; Boost Revenue<\/a><\/li><\/li><li><a href=\"https:\/\/libiweb.com\/cs\/what-is-mcp-in-ai-a-simple-guide-to-connecting-and-automating-your-llm\/\" >What Is MCP in AI? A Simple Guide to Connecting and Automating Your LLM<\/a><\/li><li><a href=\"https:\/\/libiweb.com\/cs\/top-14-ai-tools-and-trends-you-cant-miss\/\" >Top 14 AI Tools and Trends You Can\u2019t Miss<\/a><\/li><li><a href=\"https:\/\/libiweb.com\/cs\/the-google-trap-is-over-the-new-way-to-reach-customers\/\" >The Google Trap is Over: The New Way to Reach Customers<\/a><\/li><\/ul><\/div><br \/><div class=\"aioseo-html-page-sitemap\"><h4>Str\u00e1nky<\/h4><ul><li><a href=\"https:\/\/libiweb.com\/cs\/\" >\u00davod<\/a><\/li><li><a href=\"https:\/\/libiweb.com\/cs\/learn\/\" >Learn<\/a><\/li><li><a href=\"https:\/\/libiweb.com\/cs\/about\/\" >O n\u00e1s<\/a><\/li><li><a href=\"https:\/\/libiweb.com\/cs\/contact\/\" >Kontakt<\/a><\/li><li><a href=\"https:\/\/libiweb.com\/cs\/offers\/\" >Nab\u00eddky a akce<\/a><ul><li><a href=\"https:\/\/libiweb.com\/cs\/offers\/submit-your-startup-to-100-platforms\/\" >Submit Your Startup To 100+ Platforms In 7 Days<\/a><\/li><li><a href=\"https:\/\/libiweb.com\/cs\/offers\/grow\/\" >Grow<\/a><\/li><li><a href=\"https:\/\/libiweb.com\/cs\/offers\/make-money-with-automations\/\" >Make Money With Automations<\/a><\/li><\/ul><\/li><li><a href=\"https:\/\/libiweb.com\/cs\/sitemap\/\" >Mapa webu<\/a><\/li><li><a href=\"https:\/\/libiweb.com\/cs\/payment\/\" >Platba<\/a><\/li><li><a href=\"https:\/\/libiweb.com\/cs\/review\/\" >Review<\/a><\/li><li><a href=\"https:\/\/libiweb.com\/cs\/services\/\" >Slu\u017eby<\/a><ul><li><a href=\"https:\/\/libiweb.com\/cs\/services\/webdesign\/\" >V\u00fdvoj webov\u00fdch str\u00e1nek<\/a><\/li><li><a href=\"https:\/\/libiweb.com\/cs\/services\/ai-setup-integration\/\" >Artificial Intelligence<\/a><\/li><li><a href=\"https:\/\/libiweb.com\/cs\/services\/nocode\/\" >No Code Development<\/a><\/li><li><a href=\"https:\/\/libiweb.com\/cs\/services\/workflow-automation-consultants\/\" >Workflow Automation<\/a><\/li><li><a href=\"https:\/\/libiweb.com\/cs\/services\/internal-tools-development\/\" >Internal tools Development<\/a><\/li><\/ul><\/li><li><a href=\"https:\/\/libiweb.com\/cs\/legal\/\" >Legal<\/a><ul><li><a href=\"https:\/\/libiweb.com\/cs\/legal\/privacy\/\" >Z\u00e1sady ochrany soukrom\u00ed<\/a><\/li><li><a href=\"https:\/\/libiweb.com\/cs\/legal\/terms\/\" >Term\u00edny<\/a><\/li><li><a href=\"https:\/\/libiweb.com\/cs\/legal\/cookie-policy\/\" >Z\u00e1sady pou\u017e\u00edv\u00e1n\u00ed cookies<\/a><\/li><\/ul><\/li><\/ul><\/div><br \/><div class=\"aioseo-html-showcase-sitemap\"><h4>Na\u0161e pr\u00e1ce<\/h4><ul><li><a href=\"https:\/\/libiweb.com\/cs\/showcase\/case-study-driving-chavelle-cosmetics-growth-with-improved-visibility-shopify-seo\/\" >P\u0159\u00edpadov\u00e1 studie: R\u016fst zna\u010dky Chavelle Cosmetics d\u00edky lep\u0161\u00ed viditelnosti \u2013 Shopify SEO<\/a><\/li><li><a href=\"https:\/\/libiweb.com\/cs\/showcase\/case-study-delivering-ticketaki-an-innovative-event-ticketing-website\/\" >Vytvo\u0159en\u00ed Ticketaki \u2013 inovativn\u00edho webu pro prodej vstupenek na akce<\/a><\/li><li><a href=\"https:\/\/libiweb.com\/cs\/showcase\/reduced-guest-research-from-4hrs-to-45-seconds\/\" >Zkr\u00e1cen\u00ed v\u00fdzkumu host\u016f z 4 h na 45 s<\/a><\/li><li><a href=\"https:\/\/libiweb.com\/cs\/showcase\/22-engagement-growth-with-ai-image-to-captions-generator\/\" >AI titulky za minutu: o 22 % vy\u0161\u0161\u00ed zapojen\u00ed pro social media managery<\/a><\/li><li><a href=\"https:\/\/libiweb.com\/cs\/showcase\/crm-automation-for-nailmaker-bar-salon\/\" >Automatizace CRM syst\u00e9mu pro salon NailMaker Bar<\/a><\/li><li><a href=\"https:\/\/libiweb.com\/cs\/showcase\/dentcare-dental-clinics-automated-solution\/\" >\u0158e\u0161en\u00ed automatizace pro zubn\u00ed kliniku DentCare<\/a><\/li><li><a href=\"https:\/\/libiweb.com\/cs\/showcase\/real-estate-automated-lead-handling-listing-creation-and-client-communication\/\" >NovaLiving&#8217;s Real Estate Automated Lead &amp; Content Automation<\/a><\/li><li><a href=\"https:\/\/libiweb.com\/cs\/showcase\/multilingual-website-for-lemolita-international-consulting\/\" >Multilingual Website for Lemolita &#8211; International Consulting<\/a><\/li><\/ul><\/div><br \/><div class=\"aioseo-html-category-sitemap\"><h4>Rubriky<\/h4><ul><li><a href=\"https:\/\/libiweb.com\/cs\/industry\/insights\/\" >Post\u0159ehy<\/a><\/li><\/ul><\/div><br \/><div class=\"aioseo-html-reference-sitemap\"><h4>References<\/h4><ul><li><a href=\"https:\/\/libiweb.com\/cs\/reference\/web-design\/\" >Web Design<\/a><\/li><li><a href=\"https:\/\/libiweb.com\/cs\/reference\/automation\/\" >Automatizace<\/a><\/li><\/ul><\/div><br \/><\/div>\n\n\n<div class=\"wp-block-stackable-divider stk-block-divider has-text-align-left stk-block stk-817fb55\" data-block-id=\"817fb55\"><style>.stk-817fb55 hr.stk-block-divider__hr{height:1px !important;width:90% !important;}.stk-817fb55 {min-height:100px !important;align-items:center !important;display:flex !important;}<\/style><hr class=\"stk-block-divider__hr\"\/><\/div>","protected":false},"excerpt":{"rendered":"","protected":false},"author":1,"featured_media":0,"parent":0,"menu_order":0,"comment_status":"closed","ping_status":"closed","template":"","meta":{"_acf_changed":false,"footnotes":""},"class_list":["post-2738","page","type-page","status-publish","hentry"],"blocksy_meta":[],"acf":[],"aioseo_notices":[],"_links":{"self":[{"href":"https:\/\/libiweb.com\/cs\/wp-json\/wp\/v2\/pages\/2738","targetHints":{"allow":["GET"]}}],"collection":[{"href":"https:\/\/libiweb.com\/cs\/wp-json\/wp\/v2\/pages"}],"about":[{"href":"https:\/\/libiweb.com\/cs\/wp-json\/wp\/v2\/types\/page"}],"author":[{"embeddable":true,"href":"https:\/\/libiweb.com\/cs\/wp-json\/wp\/v2\/users\/1"}],"replies":[{"embeddable":true,"href":"https:\/\/libiweb.com\/cs\/wp-json\/wp\/v2\/comments?post=2738"}],"version-history":[{"count":1,"href":"https:\/\/libiweb.com\/cs\/wp-json\/wp\/v2\/pages\/2738\/revisions"}],"predecessor-version":[{"id":7617,"href":"https:\/\/libiweb.com\/cs\/wp-json\/wp\/v2\/pages\/2738\/revisions\/7617"}],"wp:attachment":[{"href":"https:\/\/libiweb.com\/cs\/wp-json\/wp\/v2\/media?parent=2738"}],"curies":[{"name":"wp","href":"https:\/\/api.w.org\/{rel}","templated":true}]}}